{"id":265,"date":"2026-02-26T19:33:58","date_gmt":"2026-02-26T11:33:58","guid":{"rendered":"https:\/\/www.echtvape.de\/?page_id=265"},"modified":"2026-02-26T19:34:01","modified_gmt":"2026-02-26T11:34:01","slug":"ueber-uns","status":"publish","type":"page","link":"https:\/\/www.echtvape.de\/it\/ueber-uns\/","title":{"rendered":"Chi siamo"},"content":{"rendered":"<h1 class=\"wp-block-heading\">Chi siamo<\/h1>\n\n\n\n<p>Benvenuti da Echtvape - il vostro partner affidabile per sigarette elettroniche monouso di alta qualit\u00e0. Il nostro nome \u00e8 sinonimo di qualit\u00e0 senza compromessi, progresso tecnico e un'esperienza di vaping che stabilisce nuovi standard. Il nostro obiettivo \u00e8 quello di combinare prodotti di prima classe con una tecnologia innovativa, per offrirvi un'esperienza di gusto che si far\u00e0 ricordare.<\/p>\n\n\n\n<p>La nostra gamma di prodotti comprende una selezione di marchi rinomati di sigarette elettroniche: Fumot\/Randm Tornado, Bang Vape, JNR Vape, Vapme Vape, Elf Box Vape, AL FAKHER VAPE, UWIN VAPE, Waspe Vape e Vozol Vape. Che siate rivenditori o acquirenti all'ingrosso, da Echtvape potete beneficiare di condizioni vantaggiose e della certezza di ricevere solo prodotti originali certificati. Questo significa che non solo vi garantiamo la massima qualit\u00e0 dei prodotti, ma anche un'esperienza d'acquisto senza preoccupazioni.<\/p>\n\n\n\n<p>Alla base di tutto ci\u00f2 che facciamo c'\u00e8 una genuina comprensione delle esigenze e delle aspettative dei nostri clienti e un continuo desiderio di ulteriore sviluppo. I nostri team di sviluppo lavorano instancabilmente per creare prodotti che soddisfino anche gli standard di qualit\u00e0 e sicurezza pi\u00f9 esigenti. Il feedback dei clienti \u00e8 per noi una guida preziosa, che confluisce direttamente nell'ulteriore sviluppo della nostra gamma e ci aiuta a reagire in modo flessibile alle mutevoli esigenze del mercato.<\/p>\n\n\n\n<p>Echtvape non \u00e8 solo hardware per il vaping: \u00e8 un'esperienza completa. I nostri vaporizzatori monouso sono stati sviluppati con la massima cura per offrirvi un divertimento ai massimi livelli. Dai vivaci sapori di frutta alle intramontabili note di tabacco, la nostra vasta gamma ha qualcosa per tutti i gusti e supera regolarmente le aspettative dei nostri clienti.<\/p>\n\n\n\n<p>La nostra consapevolezza della qualit\u00e0 si riflette anche nel nostro impianto di produzione all'avanguardia, dove ogni vero prodotto vape viene realizzato con la massima precisione e cura. La sostenibilit\u00e0 e la responsabilit\u00e0 ambientale sono parte integrante della nostra filosofia aziendale: i nostri vapes monouso sono progettati tenendo conto dell'ambiente e sono conformi agli standard ecologici applicabili.<\/p>\n\n\n\n<p>Apprezziamo la fiducia che riponete in noi e siamo felici di accompagnarvi nel vostro personale viaggio nel vaping. Scoprite Echtvape - dove qualit\u00e0, innovazione ed esperienze di gusto indimenticabili si fondono.<\/p>\n\n\n\n<p>Il vostro team Echtvape E-Mail: Echtvape@proton.me<\/p>","protected":false},"excerpt":{"rendered":"<p>\u00dcber uns Willkommen bei Echtvape \u2013 Ihrem zuverl\u00e4ssigen Partner f\u00fcr hochwertige Einweg-E-Zigaretten. Unser Name steht f\u00fcr kompromisslose Qualit\u00e4t, technischen Fortschritt und ein Dampferlebnis, das neue Ma\u00dfst\u00e4be setzt. Unser Anspruch ist es, erstklassige Produkte mit innovativer Technologie zu verbinden und Ihnen damit ein Geschmackserlebnis zu bieten, das in Erinnerung bleibt. Unser Produktsortiment umfasst eine handverlesene Auswahl [&#8230;]\n","protected":false},"author":1,"featured_media":0,"parent":0,"menu_order":0,"comment_status":"closed","ping_status":"closed","template":"","meta":{"_acf_changed":false,"footnotes":""},"class_list":["post-265","page","type-page","status-publish","hentry"],"acf":[],"_links":{"self":[{"href":"https:\/\/www.echtvape.de\/it\/wp-json\/wp\/v2\/pages\/265","targetHints":{"allow":["GET"]}}],"collection":[{"href":"https:\/\/www.echtvape.de\/it\/wp-json\/wp\/v2\/pages"}],"about":[{"href":"https:\/\/www.echtvape.de\/it\/wp-json\/wp\/v2\/types\/page"}],"author":[{"embeddable":true,"href":"https:\/\/www.echtvape.de\/it\/wp-json\/wp\/v2\/users\/1"}],"replies":[{"embeddable":true,"href":"https:\/\/www.echtvape.de\/it\/wp-json\/wp\/v2\/comments?post=265"}],"version-history":[{"count":0,"href":"https:\/\/www.echtvape.de\/it\/wp-json\/wp\/v2\/pages\/265\/revisions"}],"wp:attachment":[{"href":"https:\/\/www.echtvape.de\/it\/wp-json\/wp\/v2\/media?parent=265"}],"curies":[{"name":"wp","href":"https:\/\/api.w.org\/{rel}","templated":true}]}}