{"id":260,"date":"2026-02-26T19:29:56","date_gmt":"2026-02-26T11:29:56","guid":{"rendered":"https:\/\/www.echtvape.de\/?page_id=260"},"modified":"2026-02-26T19:29:58","modified_gmt":"2026-02-26T11:29:58","slug":"faqs","status":"publish","type":"page","link":"https:\/\/www.echtvape.de\/it\/faqs\/","title":{"rendered":"Domande frequenti"},"content":{"rendered":"<h1 class=\"wp-block-heading\">Domande frequenti (FAQ)<\/h1>\n\n\n\n<hr class=\"wp-block-separator has-alpha-channel-opacity\"\/>\n\n\n\n<h2 class=\"wp-block-heading\">Pagamento<\/h2>\n\n\n\n<p><strong>Quali sono i metodi di pagamento accettati?<\/strong> Su Echtvape \u00e8 possibile scegliere tra diversi metodi di pagamento, tra cui carta di credito, PayPal, iDEAL e bonifico bancario SEPA. Tutte le opzioni disponibili sono visualizzate nell'area di checkout durante il processo d'ordine.<\/p>\n\n\n\n<p><strong>Quale pu\u00f2 essere il motivo di un pagamento rifiutato?<\/strong> Le possibili cause sono l'inserimento errato dei dati della carta, la mancanza di fondi sul conto o un errore temporaneo del fornitore di servizi di pagamento. Se necessario, ricontrollate i vostri dati o contattate direttamente la vostra banca o il vostro fornitore di servizi di pagamento.<\/p>\n\n\n\n<p><strong>Come posso ricevere la fattura per il mio ordine?<\/strong> La fattura pu\u00f2 essere richiesta direttamente durante il processo di acquisto e vi sar\u00e0 inviata automaticamente via e-mail dopo il completamento dell'ordine.<\/p>\n\n\n\n<p><strong>\u00c8 possibile il pagamento in contrassegno?<\/strong> No, il contrassegno non viene offerto come metodo di pagamento. Si prega di utilizzare uno dei metodi di pagamento elettronico disponibili per il vostro ordine.<\/p>\n\n\n\n<p><strong>Posso utilizzare un buono o una carta regalo?<\/strong> S\u00ec, i codici promozionali e le carte regalo possono essere riscattati al momento della conclusione dell'ordine e ridurre l'importo totale da pagare.<\/p>\n\n\n\n<p><strong>Quanto \u00e8 sicuro il pagamento su questo sito?<\/strong> I vostri dati di pagamento sono protetti da moderni metodi di crittografia e da un sistema di pagamento conforme agli standard PCI DSS.<\/p>\n\n\n\n<p><strong>Quando ricever\u00f2 la conferma del mio ordine?<\/strong> Subito dopo l'avvenuto pagamento, riceverete un'e-mail di conferma che riassume tutti i dettagli dell'ordine.<\/p>\n\n\n\n<p><strong>Come funziona il processo di rimborso?<\/strong> Si prega di contattare il nostro servizio clienti e di tenere a portata di mano i dati dell'ordine. I rimborsi saranno esaminati ed elaborati in base alla nostra politica attuale.<\/p>\n\n\n\n<p><strong>Dove posso trovare i miei ordini e pagamenti passati?<\/strong> Dopo aver effettuato l'accesso al proprio account, \u00e8 possibile accedere alla cronologia completa degli ordini, compreso il relativo stato di pagamento, tramite l'area \u201eIl mio account\u201c.<\/p>\n\n\n\n<hr class=\"wp-block-separator has-alpha-channel-opacity\"\/>\n\n\n\n<h2 class=\"wp-block-heading\">Spedizione<\/h2>\n\n\n\n<p><strong>Per quali paesi si applica la spedizione DDP?<\/strong> I seguenti paesi sono <strong>Metodo DDP<\/strong> (Delivery Duty Paid - dazio di consegna pagato). Non dovrete preoccuparvi di alcuna formalit\u00e0 doganale e non pagherete alcun dazio all'importazione:<\/p>\n\n\n\n<ul class=\"wp-block-list\">\n<li><strong>STATI UNITI D'AMERICA<\/strong> - Consegna locale UPS (eccetto Alaska e Hawaii)<\/li>\n\n\n\n<li><strong>Gran Bretagna<\/strong> - DPD Express locale<\/li>\n\n\n\n<li><strong>Europa<\/strong> - UPS Express \/ DPD Express \/ DHL Express<\/li>\n<\/ul>\n\n\n\n<p>Paesi europei del DDP: Germania, Belgio, Lussemburgo, Paesi Bassi, Repubblica Ceca, Polonia, Croazia, Slovacchia, Slovenia, Finlandia, Danimarca, Svezia, Austria, Francia, Italia, Ungheria, Bulgaria, Lituania, Estonia, Lettonia, Grecia, Irlanda, Portogallo, Spagna.<\/p>\n\n\n\n<p>Le spedizioni europee vengono spedite attraverso la Germania e da l\u00ec inoltrate. Altre regioni fornite: Emirati Arabi Uniti (solo Dubai), Sudafrica, Vietnam, Malesia occidentale (esclusa l'isola di Kalimantan).<\/p>\n\n\n\n<p><strong>Tempi di consegna stimati per paese di destinazione:<\/strong><\/p>\n\n\n\n<figure class=\"wp-block-table\"><table class=\"has-fixed-layout\"><thead><tr><th>Paese<\/th><th>Metodo di spedizione<\/th><th>Tempi di consegna<\/th><\/tr><\/thead><tbody><tr><td>STATI UNITI D'AMERICA<\/td><td>Consegna locale UPS<\/td><td>10-15 giorni<\/td><\/tr><tr><td>Regno Unito<\/td><td>DPD Express locale<\/td><td>7-12 giorni<\/td><\/tr><tr><td>Germania<\/td><td>UPS \/ DPD \/ DHL<\/td><td>8-13 giorni<\/td><\/tr><tr><td>Francia<\/td><td>UPS \/ DPD \/ DHL<\/td><td>8-13 giorni<\/td><\/tr><tr><td>Belgio<\/td><td>UPS \/ DPD \/ DHL<\/td><td>8-13 giorni<\/td><\/tr><tr><td>Lussemburgo<\/td><td>UPS \/ DPD \/ DHL<\/td><td>8-13 giorni<\/td><\/tr><tr><td>Paesi Bassi<\/td><td>UPS \/ DPD \/ DHL<\/td><td>8-13 giorni<\/td><\/tr><tr><td>Repubblica Ceca<\/td><td>UPS \/ DPD \/ DHL<\/td><td>8-13 giorni<\/td><\/tr><tr><td>Polonia<\/td><td>UPS \/ DPD \/ DHL<\/td><td>8-13 giorni<\/td><\/tr><tr><td>Croazia<\/td><td>UPS \/ DPD \/ DHL<\/td><td>8-13 giorni<\/td><\/tr><tr><td>Slovacchia<\/td><td>UPS \/ DPD \/ DHL<\/td><td>8-13 giorni<\/td><\/tr><tr><td>Slovenia<\/td><td>UPS \/ DPD \/ DHL<\/td><td>8-13 giorni<\/td><\/tr><tr><td>Finlandia<\/td><td>UPS \/ DPD \/ DHL<\/td><td>8-13 giorni<\/td><\/tr><tr><td>Danimarca<\/td><td>UPS \/ DPD \/ DHL<\/td><td>8-13 giorni<\/td><\/tr><tr><td>Svezia<\/td><td>UPS \/ DPD \/ DHL<\/td><td>8-13 giorni<\/td><\/tr><tr><td>Austria<\/td><td>UPS \/ DPD \/ DHL<\/td><td>8-13 giorni<\/td><\/tr><tr><td>Italia<\/td><td>UPS \/ DPD \/ DHL<\/td><td>8-13 giorni<\/td><\/tr><tr><td>Ungheria<\/td><td>UPS \/ DPD \/ DHL<\/td><td>8-13 giorni<\/td><\/tr><tr><td>Lituania<\/td><td>UPS \/ DPD \/ DHL<\/td><td>8-13 giorni<\/td><\/tr><tr><td>Estonia<\/td><td>UPS \/ DPD \/ DHL<\/td><td>8-13 giorni<\/td><\/tr><tr><td>Lettonia<\/td><td>UPS \/ DPD \/ DHL<\/td><td>8-13 giorni<\/td><\/tr><tr><td>Grecia<\/td><td>UPS \/ DPD \/ DHL<\/td><td>8-13 giorni<\/td><\/tr><tr><td>Irlanda<\/td><td>UPS \/ DPD \/ DHL<\/td><td>8-13 giorni<\/td><\/tr><tr><td>Portogallo<\/td><td>UPS \/ DPD \/ DHL<\/td><td>8-13 giorni<\/td><\/tr><tr><td>Spagna<\/td><td>UPS \/ DPD \/ DHL<\/td><td>8-13 giorni<\/td><\/tr><tr><td>Emirati Arabi Uniti (Dubai)<\/td><td>Linea diretta Dubai<\/td><td>12-18 giorni<\/td><\/tr><tr><td>Sudafrica<\/td><td>Linea diretta Sudafrica<\/td><td>15-25 giorni<\/td><\/tr><tr><td>Vietnam<\/td><td>Linea diretta Vietnam<\/td><td>3-5 giorni<\/td><\/tr><tr><td>Malesia occidentale<\/td><td>Linea diretta Malaysia<\/td><td>4-8 giorni<\/td><\/tr><\/tbody><\/table><\/figure>\n\n\n\n<p>Per tutti gli altri Paesi \u00e8 necessario uno sdoganamento indipendente e potrebbero essere applicati dei dazi all'importazione. Informatevi in anticipo presso l'ufficio doganale competente. In alcuni casi pu\u00f2 essere richiesta una licenza commerciale.<\/p>\n\n\n\n<p><strong>Come vengono calcolate le spese di spedizione?<\/strong> Le spese di spedizione dipendono dal peso del pacco, dal paese di destinazione e dall'opzione di spedizione selezionata. L'importo esatto sar\u00e0 visualizzato in modo trasparente al momento del pagamento.<\/p>\n\n\n\n<p><strong>Cosa devo fare se il mio pacco non arriva o \u00e8 in ritardo?<\/strong> In questo caso, si prega di contattare il nostro servizio clienti. Verificheremo immediatamente la situazione e vi aiuteremo a risolvere il problema.<\/p>\n\n\n\n<p><strong>Come posso seguire lo stato della mia consegna?<\/strong> Dopo aver effettuato l'accesso al vostro account, potete visualizzare lo stato attuale della vostra spedizione nella sezione \u201eCronologia ordini\u201c. I dati di tracciamento della spedizione vi saranno inviati anche via e-mail.<\/p>\n\n\n\n<p><strong>Ci sono dazi doganali per il mio ordine?<\/strong> Non nella maggior parte dei casi. Attualmente sono previste eccezioni per le spedizioni in Canada e Danimarca.<\/p>\n\n\n\n<p><strong>Qual \u00e8 il tempo totale di consegna?<\/strong> Dopo aver ricevuto l'ordine, la merce rimane in magazzino da 1 a 5 giorni, a seconda del prodotto. La consegna successiva richiede solitamente dai 7 ai 15 giorni.<\/p>\n\n\n\n<hr class=\"wp-block-separator has-alpha-channel-opacity\"\/>\n\n\n\n<h2 class=\"wp-block-heading\">Sicurezza<\/h2>\n\n\n\n<p><strong>Come fa Echtvape a proteggere il sito web e i miei dati?<\/strong> Utilizziamo una combinazione di crittografia dei dati, sistemi di firewall e regolari controlli di sicurezza per proteggere al meglio i vostri dati personali e le vostre transazioni.<\/p>\n\n\n\n<p><strong>Cosa succede ai miei dati personali?<\/strong> I vostri dati personali sono trattati in modo strettamente confidenziale. Non saranno ceduti a terzi n\u00e9 venduti, ma saranno utilizzati solo per l'elaborazione degli ordini e l'assistenza ai clienti.<\/p>\n\n\n\n<p><strong>I dati della mia carta di credito o del pagamento sono protetti?<\/strong> S\u00ec, per l'elaborazione dei pagamenti utilizziamo un sistema conforme a PCI che soddisfa i pi\u00f9 elevati standard di sicurezza e protegge in modo affidabile i vostri dati.<\/p>\n\n\n\n<p><strong>Come faccio a scegliere una password sicura per il mio account?<\/strong> Combinate lettere maiuscole e minuscole, numeri e caratteri speciali. Evitate di utilizzare dati personali come date di nascita o nomi e aggiornate regolarmente la password.<\/p>\n\n\n\n<p><strong>Come posso riconoscere che sono sul sito web autentico di Echtvape?<\/strong> Controllate l'URL nella barra degli indirizzi del vostro browser e cercate un certificato SSL attivo, riconoscibile dal simbolo del lucchetto, che indica una connessione crittografata.<\/p>\n\n\n\n<p><strong>Dove posso segnalare attivit\u00e0 sospette o incidenti di sicurezza?<\/strong> Si prega di contattare immediatamente il nostro servizio clienti in caso di dubbi sulla sicurezza. Prenderemo in seria considerazione le vostre informazioni, avvieremo una verifica e adotteremo le misure di protezione appropriate, se necessario.<\/p>\n\n\n\n<p><strong>Esistono meccanismi di protezione contro gli attacchi di phishing?<\/strong> S\u00ec, Echtvape ha implementato adeguate misure anti-phishing per riconoscere e prevenire attivit\u00e0 fraudolente tramite siti web o e-mail fasulli.<\/p>\n\n\n\n<hr class=\"wp-block-separator has-alpha-channel-opacity\"\/>\n\n\n\n<h2 class=\"wp-block-heading\">Restituzioni<\/h2>\n\n\n\n<p><strong>Un ordine gi\u00e0 effettuato pu\u00f2 essere successivamente modificato?<\/strong> S\u00ec, le modifiche sono possibili, ma solo fino alle 23:00 (PDT, UTC-7) del giorno in cui \u00e8 stato effettuato l'ordine. Si prega di inviare un'e-mail a Echtvape@proton.me.<\/p>\n\n\n\n<p><strong>Come funziona la restituzione di un prodotto?<\/strong> Echtvape concede un diritto di recesso di 15 giorni dal giorno del ricevimento. L'articolo deve essere restituito in perfette condizioni, non usato, con tutte le etichette originali attaccate e nella confezione originale non aperta. \u00c8 necessario allegare anche la prova d'acquisto (ad esempio, la ricevuta o la conferma d'ordine).<\/p>\n\n\n\n<p>Per avviare una restituzione, contattateci via e-mail all'indirizzo Echtvape@proton.me. Dopo aver verificato e approvato la richiesta, riceverete un'etichetta di reso prepagata e istruzioni dettagliate su come restituire la merce. Attenzione: i pacchi ricevuti senza previa autorizzazione non saranno accettati.<\/p>\n\n\n\n<p>Per ulteriori domande sui resi, contattare il nostro team all'indirizzo Echtvape@proton.me in qualsiasi momento.<\/p>","protected":false},"excerpt":{"rendered":"<p>H\u00e4ufig gestellte Fragen (FAQ) Zahlung Welche Bezahlmethoden werden akzeptiert? Bei Echtvape stehen Ihnen verschiedene Zahlungswege zur Auswahl, darunter Kreditkarte, PayPal, iDEAL und SEPA-Bank\u00fcberweisung. Alle verf\u00fcgbaren Optionen werden Ihnen w\u00e4hrend des Bestellvorgangs im Checkout-Bereich angezeigt. Was kann der Grund f\u00fcr eine abgelehnte Zahlung sein? M\u00f6gliche Ursachen sind falsch eingegebene Karteninformationen, fehlendes Guthaben auf Ihrem Konto oder [&#8230;]\n","protected":false},"author":1,"featured_media":0,"parent":0,"menu_order":0,"comment_status":"closed","ping_status":"closed","template":"","meta":{"_acf_changed":false,"footnotes":""},"class_list":["post-260","page","type-page","status-publish","hentry"],"acf":[],"_links":{"self":[{"href":"https:\/\/www.echtvape.de\/it\/wp-json\/wp\/v2\/pages\/260","targetHints":{"allow":["GET"]}}],"collection":[{"href":"https:\/\/www.echtvape.de\/it\/wp-json\/wp\/v2\/pages"}],"about":[{"href":"https:\/\/www.echtvape.de\/it\/wp-json\/wp\/v2\/types\/page"}],"author":[{"embeddable":true,"href":"https:\/\/www.echtvape.de\/it\/wp-json\/wp\/v2\/users\/1"}],"replies":[{"embeddable":true,"href":"https:\/\/www.echtvape.de\/it\/wp-json\/wp\/v2\/comments?post=260"}],"version-history":[{"count":0,"href":"https:\/\/www.echtvape.de\/it\/wp-json\/wp\/v2\/pages\/260\/revisions"}],"wp:attachment":[{"href":"https:\/\/www.echtvape.de\/it\/wp-json\/wp\/v2\/media?parent=260"}],"curies":[{"name":"wp","href":"https:\/\/api.w.org\/{rel}","templated":true}]}}