{"id":256,"date":"2026-02-26T19:21:19","date_gmt":"2026-02-26T11:21:19","guid":{"rendered":"https:\/\/www.echtvape.de\/?page_id=256"},"modified":"2026-02-26T19:21:21","modified_gmt":"2026-02-26T11:21:21","slug":"datenschutzerklaerung","status":"publish","type":"page","link":"https:\/\/www.echtvape.de\/it\/datenschutzerklaerung\/","title":{"rendered":"Informativa sulla privacy"},"content":{"rendered":"<h1 class=\"wp-block-heading\">Informativa sulla privacy - Echtvape<\/h1>\n\n\n\n<p>La protezione dei vostri dati personali \u00e8 una preoccupazione seria per noi di Echtvape. Nella seguente dichiarazione, vi informiamo in dettaglio su quali dati raccogliamo quando visitate il nostro sito web, per cosa li utilizziamo e quali misure adottiamo per proteggere la vostra privacy.<\/p>\n\n\n\n<h2 class=\"wp-block-heading\">Quali dati raccogliamo<\/h2>\n\n\n\n<p>Le seguenti informazioni possono essere raccolte quando si utilizza il nostro sito web:<\/p>\n\n\n\n<ul class=\"wp-block-list\">\n<li>Dati personali come il vostro nome, l'indirizzo e-mail e altri dati di contatto che ci fornite quando effettuate un acquisto o ci contattate<\/li>\n\n\n\n<li>Informazioni tecniche sul vostro dispositivo e sul vostro comportamento d'uso, ottenute tramite cookie e meccanismi simili.<\/li>\n\n\n\n<li>Ulteriori informazioni fornite volontariamente dall'utente<\/li>\n<\/ul>\n\n\n\n<h2 class=\"wp-block-heading\">Per cosa utilizziamo i vostri dati<\/h2>\n\n\n\n<p>I dati raccolti vengono trattati da Echtvape esclusivamente per le seguenti finalit\u00e0:<\/p>\n\n\n\n<ul class=\"wp-block-list\">\n<li>Elaborazione e consegna degli ordini ricevuti tramite il nostro negozio online<\/li>\n\n\n\n<li>Contattare l'utente in merito a ordini, richieste di supporto e offerte<\/li>\n\n\n\n<li>Analisi del comportamento degli utenti per il continuo miglioramento del nostro sito web e della nostra gamma di servizi<\/li>\n\n\n\n<li>Garantire il funzionamento sicuro della nostra piattaforma e individuare e prevenire gli abusi.<\/li>\n<\/ul>\n\n\n\n<h2 class=\"wp-block-heading\">Trasferimento dei dati a terzi<\/h2>\n\n\n\n<p>I vostri dati personali non saranno trasmessi a terzi senza il vostro esplicito consenso. Solo nei casi in cui il trasferimento sia necessario per l'evasione dell'ordine, ad esempio a partner logistici, o se siamo obbligati per legge a farlo, tale trasferimento avr\u00e0 luogo. I vostri dati non saranno venduti in nessun caso.<\/p>\n\n\n\n<h2 class=\"wp-block-heading\">Sicurezza dei dati<\/h2>\n\n\n\n<p>Per proteggere efficacemente i vostri dati memorizzati, ci affidiamo a un sistema di sicurezza a pi\u00f9 livelli che comprende tecnologie di crittografia, connessioni SSL e controlli regolari della sicurezza dei nostri sistemi.<\/p>\n\n\n\n<h2 class=\"wp-block-heading\">I vostri diritti<\/h2>\n\n\n\n<p>Avete il diritto di richiedere in qualsiasi momento informazioni sui vostri dati personali memorizzati, di richiedere la correzione di informazioni errate o di richiedere la cancellazione completa dei vostri dati. Avete inoltre la possibilit\u00e0 di opporvi all'invio di messaggi pubblicitari da parte nostra.<\/p>\n\n\n\n<h2 class=\"wp-block-heading\">Aggiornamenti alla presente dichiarazione<\/h2>\n\n\n\n<p>La presente informativa sulla privacy pu\u00f2 essere modificata di tanto in tanto per tener conto di cambiamenti nelle pratiche di trattamento dei dati o di nuovi requisiti legali. Si consiglia di visitare questa pagina a intervalli regolari per essere sempre aggiornati.<\/p>\n\n\n\n<p>Utilizzando il nostro sito web, l'utente accetta i principi di protezione dei dati personali esposti nella presente dichiarazione. Se avete domande o commenti sul tema della protezione dei dati, potete contattarci in qualsiasi momento all'indirizzo Echtvape@proton.me.<\/p>\n\n\n\n<p>Vi ringraziamo per la vostra fiducia e saremo lieti di accogliervi come clienti di Echtvape.<\/p>","protected":false},"excerpt":{"rendered":"<p>Datenschutzerkl\u00e4rung \u2013 Echtvape Der Schutz Ihrer pers\u00f6nlichen Daten ist uns bei Echtvape ein ernstes Anliegen. In der folgenden Erkl\u00e4rung informieren wir Sie ausf\u00fchrlich dar\u00fcber, welche Daten wir beim Besuch unserer Website erheben, wof\u00fcr wir diese verwenden und welche Ma\u00dfnahmen wir ergreifen, um Ihre Privatsph\u00e4re zu sch\u00fctzen. Welche Daten wir sammeln Im Rahmen der Nutzung unserer [&#8230;]\n","protected":false},"author":1,"featured_media":0,"parent":0,"menu_order":0,"comment_status":"closed","ping_status":"closed","template":"","meta":{"_acf_changed":false,"footnotes":""},"class_list":["post-256","page","type-page","status-publish","hentry"],"acf":[],"_links":{"self":[{"href":"https:\/\/www.echtvape.de\/it\/wp-json\/wp\/v2\/pages\/256","targetHints":{"allow":["GET"]}}],"collection":[{"href":"https:\/\/www.echtvape.de\/it\/wp-json\/wp\/v2\/pages"}],"about":[{"href":"https:\/\/www.echtvape.de\/it\/wp-json\/wp\/v2\/types\/page"}],"author":[{"embeddable":true,"href":"https:\/\/www.echtvape.de\/it\/wp-json\/wp\/v2\/users\/1"}],"replies":[{"embeddable":true,"href":"https:\/\/www.echtvape.de\/it\/wp-json\/wp\/v2\/comments?post=256"}],"version-history":[{"count":0,"href":"https:\/\/www.echtvape.de\/it\/wp-json\/wp\/v2\/pages\/256\/revisions"}],"wp:attachment":[{"href":"https:\/\/www.echtvape.de\/it\/wp-json\/wp\/v2\/media?parent=256"}],"curies":[{"name":"wp","href":"https:\/\/api.w.org\/{rel}","templated":true}]}}