{"id":249,"date":"2026-02-26T19:14:50","date_gmt":"2026-02-26T11:14:50","guid":{"rendered":"https:\/\/www.echtvape.de\/?page_id=249"},"modified":"2026-02-26T19:15:32","modified_gmt":"2026-02-26T11:15:32","slug":"versand-und-lieferung","status":"publish","type":"page","link":"https:\/\/www.echtvape.de\/it\/versand-und-lieferung\/","title":{"rendered":"Spedizione e consegna"},"content":{"rendered":"<h1 class=\"wp-block-heading\">Spedizione e consegna - Echtvape<\/h1>\n\n\n\n<p><strong>Periodo di lavorazione e spedizione:<\/strong> Tutti gli ordini in arrivo vengono elaborati e spediti entro uno o tre giorni lavorativi. La consegna del pacco \u00e8 prevista in genere entro 10-15 giorni lavorativi. Si prega di notare che i pacchi non vengono spediti il sabato e la domenica.<\/p>\n\n\n\n<p><strong>Tracciabilit\u00e0 della partita:<\/strong> Una volta spedito l'ordine, riceverete un'e-mail da parte nostra con le informazioni di tracciamento personali. Si prega di notare che i dati della spedizione possono essere visibili sulla piattaforma di tracciamento solo dopo uno o due giorni.<\/p>\n\n\n\n<p><strong>Cancellazione e cambio di indirizzo:<\/strong> Finch\u00e9 l'ordine non viene effettivamente spedito, avete la possibilit\u00e0 di annullarlo completamente o di modificare l'indirizzo di consegna indicato. Una volta che il pacco ha lasciato il nostro magazzino, non sono possibili n\u00e9 rimborsi n\u00e9 correzioni successive dell'indirizzo.<\/p>\n\n\n\n<p><strong>Spedizione DDP (Delivery Duty Paid):<\/strong> Per i Paesi selezionati, spediamo secondo il principio del DDP: ci\u00f2 significa che tutte le formalit\u00e0 doganali e i dazi all'importazione sono gi\u00e0 inclusi. Non dovete preoccuparvi di nulla. Le seguenti regioni sono fornite tramite questo servizio:<\/p>\n\n\n\n<ul class=\"wp-block-list\">\n<li><strong>Gran Bretagna:<\/strong> DPD Express locale - tempi di consegna 7-12 giorni lavorativi<\/li>\n\n\n\n<li><strong>Europa:<\/strong> UPS \/ DPD \/ DHL Express - tempi di consegna 10-15 giorni lavorativi<\/li>\n<\/ul>\n\n\n\n<p><strong>Paesi europei del DDP:<\/strong> Germania, Belgio, Lussemburgo, Paesi Bassi, Repubblica Ceca, Polonia, Croazia, Slovacchia, Slovenia, Finlandia, Danimarca, Svezia, Austria, Francia, Italia, Ungheria, Bulgaria, Lituania, Estonia, Lettonia, Grecia, Irlanda, Portogallo e Spagna.<\/p>\n\n\n\n<p>Il tempo di consegna esatto dipende dal paese di destinazione e dall'opzione di spedizione selezionata. Per tutti i Paesi europei sopra elencati, i tempi di consegna standard vanno dagli 8 ai 13 giorni.<\/p>","protected":false},"excerpt":{"rendered":"<p>Versand &amp; Lieferung \u2013 Echtvape Bearbeitung und Versandzeitraum: Alle eingehenden Bestellungen werden innerhalb von einem bis drei Werktagen abgewickelt und versendet. Mit der Zustellung Ihrer Sendung ist in der Regel innerhalb von 10 bis 15 Werktagen zu rechnen. Bitte beachten Sie, dass samstags und sonntags kein Paketversand erfolgt. Sendungsverfolgung: Nach dem Versand Ihrer Bestellung erhalten [&#8230;]\n","protected":false},"author":1,"featured_media":0,"parent":0,"menu_order":0,"comment_status":"closed","ping_status":"closed","template":"","meta":{"_acf_changed":false,"footnotes":""},"class_list":["post-249","page","type-page","status-publish","hentry"],"acf":[],"_links":{"self":[{"href":"https:\/\/www.echtvape.de\/it\/wp-json\/wp\/v2\/pages\/249","targetHints":{"allow":["GET"]}}],"collection":[{"href":"https:\/\/www.echtvape.de\/it\/wp-json\/wp\/v2\/pages"}],"about":[{"href":"https:\/\/www.echtvape.de\/it\/wp-json\/wp\/v2\/types\/page"}],"author":[{"embeddable":true,"href":"https:\/\/www.echtvape.de\/it\/wp-json\/wp\/v2\/users\/1"}],"replies":[{"embeddable":true,"href":"https:\/\/www.echtvape.de\/it\/wp-json\/wp\/v2\/comments?post=249"}],"version-history":[{"count":0,"href":"https:\/\/www.echtvape.de\/it\/wp-json\/wp\/v2\/pages\/249\/revisions"}],"wp:attachment":[{"href":"https:\/\/www.echtvape.de\/it\/wp-json\/wp\/v2\/media?parent=249"}],"curies":[{"name":"wp","href":"https:\/\/api.w.org\/{rel}","templated":true}]}}