{"id":265,"date":"2026-02-26T19:33:58","date_gmt":"2026-02-26T11:33:58","guid":{"rendered":"https:\/\/www.echtvape.de\/?page_id=265"},"modified":"2026-02-26T19:34:01","modified_gmt":"2026-02-26T11:34:01","slug":"ueber-uns","status":"publish","type":"page","link":"https:\/\/www.echtvape.de\/fr\/ueber-uns\/","title":{"rendered":"\u00c0 propos de nous"},"content":{"rendered":"<h1 class=\"wp-block-heading\">\u00c0 propos de nous<\/h1>\n\n\n\n<p>Bienvenue chez Echtvape - votre partenaire de confiance pour des e-cigarettes jetables de qualit\u00e9. Notre nom est synonyme de qualit\u00e9 sans compromis, de progr\u00e8s technique et d'une exp\u00e9rience de vapotage qui pose de nouveaux jalons. Notre ambition est d'associer des produits de premi\u00e8re qualit\u00e9 \u00e0 une technologie innovante pour vous offrir une exp\u00e9rience gustative qui restera grav\u00e9e dans votre m\u00e9moire.<\/p>\n\n\n\n<p>Notre gamme de produits comprend une s\u00e9lection tri\u00e9e sur le volet de marques de cigarettes \u00e9lectroniques renomm\u00e9es : Fumot\/Randm Tornado, Bang Vape, JNR Vape, Vapme Vape, Elf Box Vape, AL FAKHER VAPE, UWIN VAPE, Waspe Vape et Vozol Vape. Que vous soyez d\u00e9taillant ou acheteur en gros, vous b\u00e9n\u00e9ficiez chez Echtvape de conditions int\u00e9ressantes et de la certitude de recevoir exclusivement des produits originaux certifi\u00e9s. Nous vous garantissons ainsi non seulement la meilleure qualit\u00e9 de produit, mais aussi une exp\u00e9rience d'achat sans souci.<\/p>\n\n\n\n<p>Le c\u0153ur de notre action est une v\u00e9ritable compr\u00e9hension des besoins et des attentes de nos clients, ainsi qu'une volont\u00e9 constante de d\u00e9veloppement. Nos \u00e9quipes de d\u00e9veloppement travaillent sans rel\u00e2che pour cr\u00e9er des produits qui r\u00e9pondent aux normes de qualit\u00e9 et de s\u00e9curit\u00e9 les plus exigeantes. Nous consid\u00e9rons les commentaires de nos clients comme une orientation pr\u00e9cieuse - ils sont directement pris en compte dans le d\u00e9veloppement de notre offre et nous aident \u00e0 r\u00e9agir de mani\u00e8re flexible aux besoins changeants du march\u00e9.<\/p>\n\n\n\n<p>Echtvape, c'est plus que du mat\u00e9riel de vapotage - nous sommes synonymes d'exp\u00e9rience compl\u00e8te. Nos vaporisateurs jetables ont \u00e9t\u00e9 con\u00e7us avec le plus grand soin pour vous offrir un plaisir de haut niveau. Des saveurs fruit\u00e9es vives aux notes de tabac intemporelles, notre large gamme r\u00e9pond \u00e0 tous les go\u00fbts et d\u00e9passe r\u00e9guli\u00e8rement les attentes de notre client\u00e8le.<\/p>\n\n\n\n<p>Notre souci de la qualit\u00e9 se refl\u00e8te \u00e9galement dans notre usine de production ultramoderne, o\u00f9 chaque produit Echtvape est fabriqu\u00e9 avec la plus grande pr\u00e9cision et le plus grand soin. La durabilit\u00e9 et la responsabilit\u00e9 environnementale font partie int\u00e9grante de notre philosophie d'entreprise - nos vapes jetables sont con\u00e7ues dans le respect de l'environnement et r\u00e9pondent aux normes \u00e9cologiques en vigueur.<\/p>\n\n\n\n<p>Nous appr\u00e9cions la confiance que vous nous accordez et nous vous accompagnons volontiers dans votre parcours personnel de vapoteur. D\u00e9couvrez Echtvape - o\u00f9 qualit\u00e9, innovation et exp\u00e9riences gustatives inoubliables sont r\u00e9unies.<\/p>\n\n\n\n<p>Votre \u00e9quipe Echtvape E-mail : Echtvape@proton.me<\/p>","protected":false},"excerpt":{"rendered":"<p>\u00dcber uns Willkommen bei Echtvape \u2013 Ihrem zuverl\u00e4ssigen Partner f\u00fcr hochwertige Einweg-E-Zigaretten. Unser Name steht f\u00fcr kompromisslose Qualit\u00e4t, technischen Fortschritt und ein Dampferlebnis, das neue Ma\u00dfst\u00e4be setzt. Unser Anspruch ist es, erstklassige Produkte mit innovativer Technologie zu verbinden und Ihnen damit ein Geschmackserlebnis zu bieten, das in Erinnerung bleibt. Unser Produktsortiment umfasst eine handverlesene Auswahl [&#8230;]\n","protected":false},"author":1,"featured_media":0,"parent":0,"menu_order":0,"comment_status":"closed","ping_status":"closed","template":"","meta":{"_acf_changed":false,"footnotes":""},"class_list":["post-265","page","type-page","status-publish","hentry"],"acf":[],"_links":{"self":[{"href":"https:\/\/www.echtvape.de\/fr\/wp-json\/wp\/v2\/pages\/265","targetHints":{"allow":["GET"]}}],"collection":[{"href":"https:\/\/www.echtvape.de\/fr\/wp-json\/wp\/v2\/pages"}],"about":[{"href":"https:\/\/www.echtvape.de\/fr\/wp-json\/wp\/v2\/types\/page"}],"author":[{"embeddable":true,"href":"https:\/\/www.echtvape.de\/fr\/wp-json\/wp\/v2\/users\/1"}],"replies":[{"embeddable":true,"href":"https:\/\/www.echtvape.de\/fr\/wp-json\/wp\/v2\/comments?post=265"}],"version-history":[{"count":0,"href":"https:\/\/www.echtvape.de\/fr\/wp-json\/wp\/v2\/pages\/265\/revisions"}],"wp:attachment":[{"href":"https:\/\/www.echtvape.de\/fr\/wp-json\/wp\/v2\/media?parent=265"}],"curies":[{"name":"wp","href":"https:\/\/api.w.org\/{rel}","templated":true}]}}