{"id":256,"date":"2026-02-26T19:21:19","date_gmt":"2026-02-26T11:21:19","guid":{"rendered":"https:\/\/www.echtvape.de\/?page_id=256"},"modified":"2026-02-26T19:21:21","modified_gmt":"2026-02-26T11:21:21","slug":"datenschutzerklaerung","status":"publish","type":"page","link":"https:\/\/www.echtvape.de\/fr\/datenschutzerklaerung\/","title":{"rendered":"D\u00e9claration de confidentialit\u00e9"},"content":{"rendered":"<h1 class=\"wp-block-heading\">D\u00e9claration de confidentialit\u00e9 - Echtvape<\/h1>\n\n\n\n<p>Chez Echtvape, nous prenons tr\u00e8s au s\u00e9rieux la protection de vos donn\u00e9es personnelles. Dans la d\u00e9claration suivante, nous vous informons en d\u00e9tail sur les donn\u00e9es que nous collectons lorsque vous visitez notre site, sur l'utilisation que nous en faisons et sur les mesures que nous prenons pour prot\u00e9ger votre vie priv\u00e9e.<\/p>\n\n\n\n<h2 class=\"wp-block-heading\">Quelles donn\u00e9es collectons-nous ?<\/h2>\n\n\n\n<p>Dans le cadre de l'utilisation de notre site web, les informations suivantes peuvent \u00eatre collect\u00e9es :<\/p>\n\n\n\n<ul class=\"wp-block-list\">\n<li>les donn\u00e9es personnelles telles que votre nom, votre adresse e-mail et d'autres donn\u00e9es de contact que vous nous transmettez lors d'un achat ou d'une prise de contact<\/li>\n\n\n\n<li>informations techniques sur votre appareil et votre comportement d'utilisation, obtenues par le biais de cookies et de m\u00e9canismes similaires<\/li>\n\n\n\n<li>Autres informations que vous fournissez volontairement<\/li>\n<\/ul>\n\n\n\n<h2 class=\"wp-block-heading\">Comment utilisons-nous vos donn\u00e9es ?<\/h2>\n\n\n\n<p>Les donn\u00e9es collect\u00e9es sont trait\u00e9es par Echtvape exclusivement aux fins suivantes :<\/p>\n\n\n\n<ul class=\"wp-block-list\">\n<li>traitement et livraison des commandes re\u00e7ues via notre boutique en ligne<\/li>\n\n\n\n<li>vous contacter pour des commandes, des demandes d'assistance et des offres<\/li>\n\n\n\n<li>analyse du comportement des utilisateurs afin d'am\u00e9liorer en permanence notre site web et notre offre de services<\/li>\n\n\n\n<li>Assurer le fonctionnement s\u00fbr de notre plate-forme, d\u00e9tecter et pr\u00e9venir les utilisations abusives.<\/li>\n<\/ul>\n\n\n\n<h2 class=\"wp-block-heading\">Transmission de donn\u00e9es \u00e0 des tiers<\/h2>\n\n\n\n<p>Vos donn\u00e9es personnelles ne seront pas transmises \u00e0 des tiers sans votre accord explicite. Une telle transmission n'a lieu que dans les cas o\u00f9 une transmission est n\u00e9cessaire pour l'ex\u00e9cution de votre commande - par exemple \u00e0 des partenaires logistiques - ou si nous y sommes contraints par la loi. Vos donn\u00e9es ne seront en aucun cas vendues.<\/p>\n\n\n\n<h2 class=\"wp-block-heading\">S\u00e9curit\u00e9 des donn\u00e9es<\/h2>\n\n\n\n<p>Pour prot\u00e9ger efficacement les donn\u00e9es que vous avez enregistr\u00e9es, nous utilisons un syst\u00e8me de s\u00e9curit\u00e9 \u00e0 plusieurs niveaux qui comprend des technologies de cryptage, des connexions SSL ainsi que des contr\u00f4les de s\u00e9curit\u00e9 r\u00e9guliers de nos syst\u00e8mes.<\/p>\n\n\n\n<h2 class=\"wp-block-heading\">Vos droits<\/h2>\n\n\n\n<p>Vous avez \u00e0 tout moment le droit de demander des informations sur les donn\u00e9es enregistr\u00e9es vous concernant, de demander la rectification d'informations inexactes ou de demander la suppression compl\u00e8te de vos donn\u00e9es. De m\u00eame, vous \u00eates libre de vous opposer \u00e0 l'envoi de communications publicitaires de notre part.<\/p>\n\n\n\n<h2 class=\"wp-block-heading\">Mises \u00e0 jour de cette d\u00e9claration<\/h2>\n\n\n\n<p>La pr\u00e9sente d\u00e9claration de confidentialit\u00e9 peut \u00eatre modifi\u00e9e de temps \u00e0 autre afin de tenir compte de l'\u00e9volution des pratiques de traitement des donn\u00e9es ou des nouvelles exigences l\u00e9gales. Nous vous recommandons de consulter r\u00e9guli\u00e8rement cette page afin de vous tenir au courant de l'\u00e9volution de la situation.<\/p>\n\n\n\n<p>En utilisant notre site web, vous acceptez les principes de protection des donn\u00e9es \u00e9nonc\u00e9s dans la pr\u00e9sente d\u00e9claration. Si vous avez des questions ou des remarques concernant la protection des donn\u00e9es, vous pouvez nous contacter \u00e0 tout moment \u00e0 l'adresse Echtvape@proton.me.<\/p>\n\n\n\n<p>Nous vous remercions de votre confiance et sommes heureux de vous accueillir en tant que client d'Echtvape.<\/p>","protected":false},"excerpt":{"rendered":"<p>Datenschutzerkl\u00e4rung \u2013 Echtvape Der Schutz Ihrer pers\u00f6nlichen Daten ist uns bei Echtvape ein ernstes Anliegen. In der folgenden Erkl\u00e4rung informieren wir Sie ausf\u00fchrlich dar\u00fcber, welche Daten wir beim Besuch unserer Website erheben, wof\u00fcr wir diese verwenden und welche Ma\u00dfnahmen wir ergreifen, um Ihre Privatsph\u00e4re zu sch\u00fctzen. Welche Daten wir sammeln Im Rahmen der Nutzung unserer [&#8230;]\n","protected":false},"author":1,"featured_media":0,"parent":0,"menu_order":0,"comment_status":"closed","ping_status":"closed","template":"","meta":{"_acf_changed":false,"footnotes":""},"class_list":["post-256","page","type-page","status-publish","hentry"],"acf":[],"_links":{"self":[{"href":"https:\/\/www.echtvape.de\/fr\/wp-json\/wp\/v2\/pages\/256","targetHints":{"allow":["GET"]}}],"collection":[{"href":"https:\/\/www.echtvape.de\/fr\/wp-json\/wp\/v2\/pages"}],"about":[{"href":"https:\/\/www.echtvape.de\/fr\/wp-json\/wp\/v2\/types\/page"}],"author":[{"embeddable":true,"href":"https:\/\/www.echtvape.de\/fr\/wp-json\/wp\/v2\/users\/1"}],"replies":[{"embeddable":true,"href":"https:\/\/www.echtvape.de\/fr\/wp-json\/wp\/v2\/comments?post=256"}],"version-history":[{"count":0,"href":"https:\/\/www.echtvape.de\/fr\/wp-json\/wp\/v2\/pages\/256\/revisions"}],"wp:attachment":[{"href":"https:\/\/www.echtvape.de\/fr\/wp-json\/wp\/v2\/media?parent=256"}],"curies":[{"name":"wp","href":"https:\/\/api.w.org\/{rel}","templated":true}]}}