{"id":249,"date":"2026-02-26T19:14:50","date_gmt":"2026-02-26T11:14:50","guid":{"rendered":"https:\/\/www.echtvape.de\/?page_id=249"},"modified":"2026-02-26T19:15:32","modified_gmt":"2026-02-26T11:15:32","slug":"versand-und-lieferung","status":"publish","type":"page","link":"https:\/\/www.echtvape.de\/fr\/versand-und-lieferung\/","title":{"rendered":"Exp\u00e9dition et livraison"},"content":{"rendered":"<h1 class=\"wp-block-heading\">Exp\u00e9dition &amp; livraison - Echtvape<\/h1>\n\n\n\n<p><strong>Traitement et d\u00e9lai d'envoi :<\/strong> Toutes les commandes re\u00e7ues sont trait\u00e9es et exp\u00e9di\u00e9es dans un d\u00e9lai de un \u00e0 trois jours ouvrables. En r\u00e8gle g\u00e9n\u00e9rale, la livraison de votre colis est pr\u00e9vue dans un d\u00e9lai de 10 \u00e0 15 jours ouvrables. Veuillez noter que les colis ne sont pas envoy\u00e9s le samedi et le dimanche.<\/p>\n\n\n\n<p><strong>Suivi des envois :<\/strong> Apr\u00e8s l'envoi de votre commande, vous recevrez un e-mail de notre part avec vos informations de suivi personnelles. Veuillez tenir compte du fait que les donn\u00e9es d'envoi ne peuvent \u00eatre visibles sur la plateforme de suivi qu'apr\u00e8s un ou deux jours.<\/p>\n\n\n\n<p><strong>Annulation et changement d'adresse :<\/strong> Jusqu'\u00e0 l'exp\u00e9dition effective de votre commande, vous avez la possibilit\u00e9 de l'annuler enti\u00e8rement ou de modifier l'adresse de livraison indiqu\u00e9e. D\u00e8s que le colis a quitt\u00e9 notre entrep\u00f4t, aucun remboursement ni aucune correction ult\u00e9rieure de l'adresse ne sont possibles.<\/p>\n\n\n\n<p><strong>Exp\u00e9dition DDP (Delivery Duty Paid) :<\/strong> Pour les pays s\u00e9lectionn\u00e9s, nous exp\u00e9dions selon le principe DDP - ce qui signifie que toutes les formalit\u00e9s douani\u00e8res et les taxes d'importation sont d\u00e9j\u00e0 incluses. Vous ne devez vous occuper de rien. Les r\u00e9gions suivantes sont desservies par ce service :<\/p>\n\n\n\n<ul class=\"wp-block-list\">\n<li><strong>Grande-Bretagne :<\/strong> Express DPD local - d\u00e9lai de livraison 7-12 jours ouvrables<\/li>\n\n\n\n<li><strong>Europe :<\/strong> UPS \/ DPD \/ DHL Express - d\u00e9lai de livraison 10-15 jours ouvrables<\/li>\n<\/ul>\n\n\n\n<p><strong>Pays europ\u00e9ens DDP :<\/strong> Allemagne, Belgique, Luxembourg, Pays-Bas, R\u00e9publique tch\u00e8que, Pologne, Croatie, Slovaquie, Slov\u00e9nie, Finlande, Danemark, Su\u00e8de, Autriche, France, Italie, Hongrie, Bulgarie, Lituanie, Estonie, Lettonie, Gr\u00e8ce, Irlande, Portugal et Espagne.<\/p>\n\n\n\n<p>Le d\u00e9lai de livraison exact d\u00e9pend du pays de destination ainsi que de l'option de livraison choisie. Pour tous les pays europ\u00e9ens mentionn\u00e9s ci-dessus, le d\u00e9lai de livraison est uniform\u00e9ment de 8 \u00e0 13 jours.<\/p>","protected":false},"excerpt":{"rendered":"<p>Versand &amp; Lieferung \u2013 Echtvape Bearbeitung und Versandzeitraum: Alle eingehenden Bestellungen werden innerhalb von einem bis drei Werktagen abgewickelt und versendet. Mit der Zustellung Ihrer Sendung ist in der Regel innerhalb von 10 bis 15 Werktagen zu rechnen. Bitte beachten Sie, dass samstags und sonntags kein Paketversand erfolgt. Sendungsverfolgung: Nach dem Versand Ihrer Bestellung erhalten [&#8230;]\n","protected":false},"author":1,"featured_media":0,"parent":0,"menu_order":0,"comment_status":"closed","ping_status":"closed","template":"","meta":{"_acf_changed":false,"footnotes":""},"class_list":["post-249","page","type-page","status-publish","hentry"],"acf":[],"_links":{"self":[{"href":"https:\/\/www.echtvape.de\/fr\/wp-json\/wp\/v2\/pages\/249","targetHints":{"allow":["GET"]}}],"collection":[{"href":"https:\/\/www.echtvape.de\/fr\/wp-json\/wp\/v2\/pages"}],"about":[{"href":"https:\/\/www.echtvape.de\/fr\/wp-json\/wp\/v2\/types\/page"}],"author":[{"embeddable":true,"href":"https:\/\/www.echtvape.de\/fr\/wp-json\/wp\/v2\/users\/1"}],"replies":[{"embeddable":true,"href":"https:\/\/www.echtvape.de\/fr\/wp-json\/wp\/v2\/comments?post=249"}],"version-history":[{"count":0,"href":"https:\/\/www.echtvape.de\/fr\/wp-json\/wp\/v2\/pages\/249\/revisions"}],"wp:attachment":[{"href":"https:\/\/www.echtvape.de\/fr\/wp-json\/wp\/v2\/media?parent=249"}],"curies":[{"name":"wp","href":"https:\/\/api.w.org\/{rel}","templated":true}]}}