{"id":265,"date":"2026-02-26T19:33:58","date_gmt":"2026-02-26T11:33:58","guid":{"rendered":"https:\/\/www.echtvape.de\/?page_id=265"},"modified":"2026-02-26T19:34:01","modified_gmt":"2026-02-26T11:34:01","slug":"ueber-uns","status":"publish","type":"page","link":"https:\/\/www.echtvape.de\/es\/ueber-uns\/","title":{"rendered":"Qui\u00e9nes somos"},"content":{"rendered":"<h1 class=\"wp-block-heading\">Qui\u00e9nes somos<\/h1>\n\n\n\n<p>Bienvenido a Echtvape, su socio de confianza para cigarrillos electr\u00f3nicos desechables de alta calidad. Nuestro nombre es sin\u00f3nimo de calidad sin concesiones, progreso t\u00e9cnico y una experiencia de vapeo que establece nuevos est\u00e1ndares. Nuestro objetivo es combinar productos de primera clase con tecnolog\u00eda innovadora para ofrecerle una experiencia de sabor que ser\u00e1 recordada.<\/p>\n\n\n\n<p>Nuestra gama de productos incluye una cuidada selecci\u00f3n de marcas de cigarrillos electr\u00f3nicos de renombre: Fumot\/Randm Tornado, Bang Vape, JNR Vape, Vapme Vape, Elf Box Vape, AL FAKHER VAPE, UWIN VAPE, Waspe Vape y Vozol Vape. Tanto si es un minorista como un comprador al por mayor, en Echtvape se beneficiar\u00e1 de condiciones atractivas y de la certeza de que s\u00f3lo recibir\u00e1 productos originales certificados. Esto significa que no s\u00f3lo le garantizamos la m\u00e1xima calidad del producto, sino tambi\u00e9n una experiencia de compra sin preocupaciones.<\/p>\n\n\n\n<p>En el centro de todo lo que hacemos hay una aut\u00e9ntica comprensi\u00f3n de las necesidades y expectativas de nuestros clientes y un deseo continuo de seguir desarroll\u00e1ndonos. Nuestros equipos de desarrollo trabajan sin descanso para crear productos que cumplan las normas de calidad y seguridad m\u00e1s exigentes. Consideramos las opiniones de nuestros clientes como una valiosa gu\u00eda, que se refleja directamente en el desarrollo de nuestra gama y nos ayuda a reaccionar con flexibilidad a las cambiantes necesidades del mercado.<\/p>\n\n\n\n<p>Echtvape es m\u00e1s que un simple hardware de vapeo: somos sin\u00f3nimo de una experiencia completa. Nuestros vaporizadores desechables se han desarrollado con el m\u00e1ximo cuidado para ofrecerle un placer al m\u00e1s alto nivel. Desde sabores frutales vibrantes hasta notas de tabaco atemporales, nuestra amplia gama tiene algo para todos los gustos y supera regularmente las expectativas de nuestros clientes.<\/p>\n\n\n\n<p>Nuestra conciencia de la calidad tambi\u00e9n se refleja en nuestras vanguardistas instalaciones de producci\u00f3n, donde cada producto vape real se fabrica con la m\u00e1xima precisi\u00f3n y cuidado. La sostenibilidad y la responsabilidad medioambiental son parte integrante de nuestra filosof\u00eda empresarial: nuestros vapeadores desechables est\u00e1n dise\u00f1ados teniendo en cuenta el medio ambiente y cumplen las normas ecol\u00f3gicas aplicables.<\/p>\n\n\n\n<p>Agradecemos la confianza que deposita en nosotros y nos complace acompa\u00f1arle en su viaje personal de vapeo. Descubra Echtvape, donde se unen calidad, innovaci\u00f3n y experiencias de sabor inolvidables.<\/p>\n\n\n\n<p>Su equipo Echtvape E-Mail: Echtvape@proton.me<\/p>","protected":false},"excerpt":{"rendered":"<p>\u00dcber uns Willkommen bei Echtvape \u2013 Ihrem zuverl\u00e4ssigen Partner f\u00fcr hochwertige Einweg-E-Zigaretten. Unser Name steht f\u00fcr kompromisslose Qualit\u00e4t, technischen Fortschritt und ein Dampferlebnis, das neue Ma\u00dfst\u00e4be setzt. Unser Anspruch ist es, erstklassige Produkte mit innovativer Technologie zu verbinden und Ihnen damit ein Geschmackserlebnis zu bieten, das in Erinnerung bleibt. Unser Produktsortiment umfasst eine handverlesene Auswahl [&#8230;]\n","protected":false},"author":1,"featured_media":0,"parent":0,"menu_order":0,"comment_status":"closed","ping_status":"closed","template":"","meta":{"_acf_changed":false,"footnotes":""},"class_list":["post-265","page","type-page","status-publish","hentry"],"acf":[],"_links":{"self":[{"href":"https:\/\/www.echtvape.de\/es\/wp-json\/wp\/v2\/pages\/265","targetHints":{"allow":["GET"]}}],"collection":[{"href":"https:\/\/www.echtvape.de\/es\/wp-json\/wp\/v2\/pages"}],"about":[{"href":"https:\/\/www.echtvape.de\/es\/wp-json\/wp\/v2\/types\/page"}],"author":[{"embeddable":true,"href":"https:\/\/www.echtvape.de\/es\/wp-json\/wp\/v2\/users\/1"}],"replies":[{"embeddable":true,"href":"https:\/\/www.echtvape.de\/es\/wp-json\/wp\/v2\/comments?post=265"}],"version-history":[{"count":0,"href":"https:\/\/www.echtvape.de\/es\/wp-json\/wp\/v2\/pages\/265\/revisions"}],"wp:attachment":[{"href":"https:\/\/www.echtvape.de\/es\/wp-json\/wp\/v2\/media?parent=265"}],"curies":[{"name":"wp","href":"https:\/\/api.w.org\/{rel}","templated":true}]}}