{"id":256,"date":"2026-02-26T19:21:19","date_gmt":"2026-02-26T11:21:19","guid":{"rendered":"https:\/\/www.echtvape.de\/?page_id=256"},"modified":"2026-02-26T19:21:21","modified_gmt":"2026-02-26T11:21:21","slug":"datenschutzerklaerung","status":"publish","type":"page","link":"https:\/\/www.echtvape.de\/es\/datenschutzerklaerung\/","title":{"rendered":"Pol\u00edtica de privacidad"},"content":{"rendered":"<h1 class=\"wp-block-heading\">Pol\u00edtica de privacidad - Echtvape<\/h1>\n\n\n\n<p>La protecci\u00f3n de sus datos personales es una preocupaci\u00f3n seria para nosotros en Echtvape. En la siguiente declaraci\u00f3n, le informamos detalladamente sobre qu\u00e9 datos recopilamos cuando visita nuestro sitio web, para qu\u00e9 los utilizamos y qu\u00e9 medidas tomamos para proteger su privacidad.<\/p>\n\n\n\n<h2 class=\"wp-block-heading\">Qu\u00e9 datos recogemos<\/h2>\n\n\n\n<p>La siguiente informaci\u00f3n puede ser recogida cuando usted utiliza nuestro sitio web:<\/p>\n\n\n\n<ul class=\"wp-block-list\">\n<li>Datos personales como su nombre, direcci\u00f3n de correo electr\u00f3nico y otros datos de contacto que nos proporcione al realizar una compra o ponerse en contacto con nosotros.<\/li>\n\n\n\n<li>Informaci\u00f3n t\u00e9cnica sobre su dispositivo y su comportamiento de uso obtenida a trav\u00e9s de cookies y mecanismos similares.<\/li>\n\n\n\n<li>Informaci\u00f3n adicional facilitada voluntariamente por usted<\/li>\n<\/ul>\n\n\n\n<h2 class=\"wp-block-heading\">Para qu\u00e9 utilizamos sus datos<\/h2>\n\n\n\n<p>Los datos recogidos por Echtvape se procesan exclusivamente para los siguientes fines:<\/p>\n\n\n\n<ul class=\"wp-block-list\">\n<li>Tramitaci\u00f3n y entrega de los pedidos recibidos a trav\u00e9s de nuestra tienda en l\u00ednea<\/li>\n\n\n\n<li>Ponernos en contacto con usted en relaci\u00f3n con pedidos, solicitudes de asistencia y ofertas<\/li>\n\n\n\n<li>An\u00e1lisis del comportamiento de los usuarios para la mejora continua de nuestro sitio web y nuestra gama de servicios.<\/li>\n\n\n\n<li>Garantizar el funcionamiento seguro de nuestra plataforma y detectar y prevenir usos indebidos.<\/li>\n<\/ul>\n\n\n\n<h2 class=\"wp-block-heading\">Transferencia de datos a terceros<\/h2>\n\n\n\n<p>Sus datos personales no se transmitir\u00e1n a terceros sin su consentimiento expreso. S\u00f3lo se realizar\u00e1 dicha transferencia en los casos en que sea necesaria para cumplir su pedido -por ejemplo, a socios log\u00edsticos- o si estamos legalmente obligados a hacerlo. Sus datos no se vender\u00e1n en ning\u00fan caso.<\/p>\n\n\n\n<h2 class=\"wp-block-heading\">Seguridad de los datos<\/h2>\n\n\n\n<p>Para proteger eficazmente sus datos almacenados, nos basamos en un sistema de seguridad de varios niveles que incluye tecnolog\u00edas de cifrado, conexiones SSL y comprobaciones peri\u00f3dicas de la seguridad de nuestros sistemas.<\/p>\n\n\n\n<h2 class=\"wp-block-heading\">Sus derechos<\/h2>\n\n\n\n<p>Tiene derecho a solicitar en cualquier momento informaci\u00f3n sobre los datos personales almacenados sobre usted, a solicitar la correcci\u00f3n de informaci\u00f3n incorrecta o a solicitar la supresi\u00f3n completa de sus datos. Tambi\u00e9n es libre de oponerse al env\u00edo de mensajes publicitarios por nuestra parte.<\/p>\n\n\n\n<h2 class=\"wp-block-heading\">Actualizaciones de esta declaraci\u00f3n<\/h2>\n\n\n\n<p>Esta pol\u00edtica de privacidad puede modificarse de vez en cuando para reflejar cambios en las pr\u00e1cticas de tratamiento de datos o nuevos requisitos legales. Le recomendamos que visite esta p\u00e1gina a intervalos regulares para asegurarse de estar siempre al d\u00eda.<\/p>\n\n\n\n<p>Al utilizar nuestro sitio web, usted acepta los principios de protecci\u00f3n de datos establecidos en esta declaraci\u00f3n. Si tiene alguna pregunta o comentario sobre el tema de la protecci\u00f3n de datos, puede ponerse en contacto con nosotros en cualquier momento en Echtvape@proton.me.<\/p>\n\n\n\n<p>Le agradecemos su confianza y esperamos poder darle la bienvenida como cliente de Echtvape.<\/p>","protected":false},"excerpt":{"rendered":"<p>Datenschutzerkl\u00e4rung \u2013 Echtvape Der Schutz Ihrer pers\u00f6nlichen Daten ist uns bei Echtvape ein ernstes Anliegen. In der folgenden Erkl\u00e4rung informieren wir Sie ausf\u00fchrlich dar\u00fcber, welche Daten wir beim Besuch unserer Website erheben, wof\u00fcr wir diese verwenden und welche Ma\u00dfnahmen wir ergreifen, um Ihre Privatsph\u00e4re zu sch\u00fctzen. Welche Daten wir sammeln Im Rahmen der Nutzung unserer [&#8230;]\n","protected":false},"author":1,"featured_media":0,"parent":0,"menu_order":0,"comment_status":"closed","ping_status":"closed","template":"","meta":{"_acf_changed":false,"footnotes":""},"class_list":["post-256","page","type-page","status-publish","hentry"],"acf":[],"_links":{"self":[{"href":"https:\/\/www.echtvape.de\/es\/wp-json\/wp\/v2\/pages\/256","targetHints":{"allow":["GET"]}}],"collection":[{"href":"https:\/\/www.echtvape.de\/es\/wp-json\/wp\/v2\/pages"}],"about":[{"href":"https:\/\/www.echtvape.de\/es\/wp-json\/wp\/v2\/types\/page"}],"author":[{"embeddable":true,"href":"https:\/\/www.echtvape.de\/es\/wp-json\/wp\/v2\/users\/1"}],"replies":[{"embeddable":true,"href":"https:\/\/www.echtvape.de\/es\/wp-json\/wp\/v2\/comments?post=256"}],"version-history":[{"count":0,"href":"https:\/\/www.echtvape.de\/es\/wp-json\/wp\/v2\/pages\/256\/revisions"}],"wp:attachment":[{"href":"https:\/\/www.echtvape.de\/es\/wp-json\/wp\/v2\/media?parent=256"}],"curies":[{"name":"wp","href":"https:\/\/api.w.org\/{rel}","templated":true}]}}