{"id":254,"date":"2026-02-26T19:18:18","date_gmt":"2026-02-26T11:18:18","guid":{"rendered":"https:\/\/www.echtvape.de\/?page_id=254"},"modified":"2026-02-26T19:18:20","modified_gmt":"2026-02-26T11:18:20","slug":"rueckgaberichtlinie","status":"publish","type":"page","link":"https:\/\/www.echtvape.de\/es\/rueckgaberichtlinie\/","title":{"rendered":"Pol\u00edtica de devoluciones"},"content":{"rendered":"<h1 class=\"wp-block-heading\">Pol\u00edtica de devoluciones - Echtvape<\/h1>\n\n\n\n<h2 class=\"wp-block-heading\">Plazo de devoluci\u00f3n: 3 d\u00edas<\/h2>\n\n\n\n<p>En Echtvape, dispone de tres d\u00edas despu\u00e9s de recibir su pedido para organizar una devoluci\u00f3n, siempre que el art\u00edculo entregado no cumpla sus expectativas. El plazo comienza el d\u00eda en que recibes el paquete.<\/p>\n\n\n\n<h2 class=\"wp-block-heading\">Condiciones para una devoluci\u00f3n v\u00e1lida<\/h2>\n\n\n\n<p>S\u00f3lo se aceptar\u00e1 una devoluci\u00f3n si el art\u00edculo se encuentra en su estado original: sin abrir, sin usar, con todas las etiquetas originales y en el embalaje original intacto. Adem\u00e1s, es obligatorio presentar una prueba v\u00e1lida de la compra -por ejemplo, el recibo o la confirmaci\u00f3n del pedido- para tramitar su solicitud.<\/p>\n\n\n\n<h2 class=\"wp-block-heading\">Solicitar una devoluci\u00f3n<\/h2>\n\n\n\n<p>Para iniciar una devoluci\u00f3n, p\u00f3ngase en contacto con nosotros por correo electr\u00f3nico en Echtvape@proton.me. Despu\u00e9s de revisar su caso, le enviaremos una etiqueta de devoluci\u00f3n prepagada e instrucciones detalladas sobre c\u00f3mo devolver el paquete si se aprueba. Nota importante: No aceptaremos devoluciones que lleguen sin autorizaci\u00f3n previa. Por lo tanto, p\u00f3ngase primero en contacto con nosotros.<\/p>\n\n\n\n<h2 class=\"wp-block-heading\">Entregas incorrectas o da\u00f1adas<\/h2>\n\n\n\n<p>Compruebe su env\u00edo en busca de posibles da\u00f1os o errores inmediatamente despu\u00e9s de su llegada. Si un producto est\u00e1 defectuoso, ha sufrido da\u00f1os durante el transporte o no se corresponde con su pedido, inf\u00f3rmenos lo antes posible: nos ocuparemos de ello de inmediato.<\/p>\n\n\n\n<h2 class=\"wp-block-heading\">Art\u00edculos no retornables<\/h2>\n\n\n\n<p>Ciertas categor\u00edas de productos est\u00e1n generalmente excluidas del derecho de devoluci\u00f3n. Se trata de productos perecederos, productos personalizados, art\u00edculos de higiene y productos que contengan sustancias peligrosas, como l\u00edquidos o gases inflamables. Si no est\u00e1 seguro de si su art\u00edculo puede devolverse, p\u00f3ngase en contacto con nosotros con antelaci\u00f3n.<\/p>\n\n\n\n<h2 class=\"wp-block-heading\">Art\u00edculo de intercambio<\/h2>\n\n\n\n<p>Si desea cambiar un art\u00edculo por otro producto, le recomendamos el siguiente procedimiento: En primer lugar, env\u00edenos el art\u00edculo en cuesti\u00f3n. Una vez autorizada la devoluci\u00f3n, puede realizar el cambio del producto deseado como un nuevo pedido en nuestra tienda. Este procedimiento garantiza una tramitaci\u00f3n r\u00e1pida y sin problemas.<\/p>\n\n\n\n<h2 class=\"wp-block-heading\">Proceso de reembolso<\/h2>\n\n\n\n<p>Tras recibir y comprobar su devoluci\u00f3n, le informaremos del resultado. Si se autoriza la devoluci\u00f3n, el reembolso se efectuar\u00e1 a su medio de pago original, normalmente en un plazo de 10 d\u00edas laborables. Tenga en cuenta que su entidad financiera o el proveedor de su tarjeta de cr\u00e9dito pueden requerir un plazo adicional para el abono definitivo. Si transcurridos 15 d\u00edas laborables desde la autorizaci\u00f3n no se ha abonado ning\u00fan importe en su cuenta, p\u00f3ngase de nuevo en contacto con nosotros en Echtvape@proton.me.<\/p>\n\n\n\n<p>Valoramos su confianza y siempre nos esforzamos por ofrecerle el mejor servicio posible.<\/p>","protected":false},"excerpt":{"rendered":"<p>R\u00fcckgaberichtlinie \u2013 Echtvape R\u00fcckgabefrist: 3 Tage Bei Echtvape haben Sie nach Erhalt Ihrer Bestellung drei Tage Zeit, eine R\u00fccksendung zu veranlassen \u2013 vorausgesetzt, der gelieferte Artikel entspricht nicht Ihren Erwartungen. Die Frist beginnt mit dem Tag, an dem das Paket bei Ihnen eingegangen ist. Bedingungen f\u00fcr eine g\u00fcltige R\u00fccksendung Eine R\u00fcckgabe wird nur dann akzeptiert, [&#8230;]\n","protected":false},"author":1,"featured_media":0,"parent":0,"menu_order":0,"comment_status":"closed","ping_status":"closed","template":"","meta":{"_acf_changed":false,"footnotes":""},"class_list":["post-254","page","type-page","status-publish","hentry"],"acf":[],"_links":{"self":[{"href":"https:\/\/www.echtvape.de\/es\/wp-json\/wp\/v2\/pages\/254","targetHints":{"allow":["GET"]}}],"collection":[{"href":"https:\/\/www.echtvape.de\/es\/wp-json\/wp\/v2\/pages"}],"about":[{"href":"https:\/\/www.echtvape.de\/es\/wp-json\/wp\/v2\/types\/page"}],"author":[{"embeddable":true,"href":"https:\/\/www.echtvape.de\/es\/wp-json\/wp\/v2\/users\/1"}],"replies":[{"embeddable":true,"href":"https:\/\/www.echtvape.de\/es\/wp-json\/wp\/v2\/comments?post=254"}],"version-history":[{"count":0,"href":"https:\/\/www.echtvape.de\/es\/wp-json\/wp\/v2\/pages\/254\/revisions"}],"wp:attachment":[{"href":"https:\/\/www.echtvape.de\/es\/wp-json\/wp\/v2\/media?parent=254"}],"curies":[{"name":"wp","href":"https:\/\/api.w.org\/{rel}","templated":true}]}}