{"id":249,"date":"2026-02-26T19:14:50","date_gmt":"2026-02-26T11:14:50","guid":{"rendered":"https:\/\/www.echtvape.de\/?page_id=249"},"modified":"2026-02-26T19:15:32","modified_gmt":"2026-02-26T11:15:32","slug":"versand-und-lieferung","status":"publish","type":"page","link":"https:\/\/www.echtvape.de\/es\/versand-und-lieferung\/","title":{"rendered":"Env\u00edo y entrega"},"content":{"rendered":"<h1 class=\"wp-block-heading\">Env\u00edo y entrega - Echtvape<\/h1>\n\n\n\n<p><strong>Periodo de tramitaci\u00f3n y expedici\u00f3n:<\/strong> Todos los pedidos se tramitan y env\u00edan en un plazo de uno a tres d\u00edas laborables. La entrega del paquete suele producirse en un plazo de 10 a 15 d\u00edas laborables. Tenga en cuenta que los s\u00e1bados y domingos no se env\u00edan paquetes.<\/p>\n\n\n\n<p><strong>Seguimiento de env\u00edos:<\/strong> Una vez enviado su pedido, recibir\u00e1 un correo electr\u00f3nico con su informaci\u00f3n personal de seguimiento. Tenga en cuenta que es posible que los datos del env\u00edo solo sean visibles en la plataforma de seguimiento al cabo de uno o dos d\u00edas.<\/p>\n\n\n\n<p><strong>Cancelaci\u00f3n y cambio de direcci\u00f3n:<\/strong> Hasta el momento del env\u00edo efectivo de su pedido, tiene la posibilidad de anularlo completamente o de modificar la direcci\u00f3n de entrega facilitada. Una vez que el paquete ha salido de nuestros almacenes, no es posible ni el reembolso ni la correcci\u00f3n posterior de la direcci\u00f3n.<\/p>\n\n\n\n<p><strong>Env\u00edo DDP (derechos de entrega pagados):<\/strong> Para los pa\u00edses seleccionados, realizamos los env\u00edos seg\u00fan el principio DDP, lo que significa que todas las formalidades aduaneras y los derechos de importaci\u00f3n ya est\u00e1n incluidos. No tiene que preocuparse de nada. Las siguientes regiones se suministran a trav\u00e9s de este servicio:<\/p>\n\n\n\n<ul class=\"wp-block-list\">\n<li><strong>Gran Breta\u00f1a:<\/strong> Local DPD Express - plazo de entrega 7-12 d\u00edas laborables<\/li>\n\n\n\n<li><strong>Europa:<\/strong> UPS \/ DPD \/ DHL Express - plazo de entrega 10-15 d\u00edas laborables<\/li>\n<\/ul>\n\n\n\n<p><strong>Pa\u00edses europeos del PDD:<\/strong> Alemania, B\u00e9lgica, Luxemburgo, Pa\u00edses Bajos, Rep\u00fablica Checa, Polonia, Croacia, Eslovaquia, Eslovenia, Finlandia, Dinamarca, Suecia, Austria, Francia, Italia, Hungr\u00eda, Bulgaria, Lituania, Estonia, Letonia, Grecia, Irlanda, Portugal y Espa\u00f1a.<\/p>\n\n\n\n<p>El plazo de entrega exacto depende del pa\u00eds de destino y de la opci\u00f3n de env\u00edo seleccionada. Para todos los pa\u00edses europeos mencionados, el plazo de entrega est\u00e1ndar es de 8 a 13 d\u00edas.<\/p>","protected":false},"excerpt":{"rendered":"<p>Versand &amp; Lieferung \u2013 Echtvape Bearbeitung und Versandzeitraum: Alle eingehenden Bestellungen werden innerhalb von einem bis drei Werktagen abgewickelt und versendet. Mit der Zustellung Ihrer Sendung ist in der Regel innerhalb von 10 bis 15 Werktagen zu rechnen. Bitte beachten Sie, dass samstags und sonntags kein Paketversand erfolgt. Sendungsverfolgung: Nach dem Versand Ihrer Bestellung erhalten [&#8230;]\n","protected":false},"author":1,"featured_media":0,"parent":0,"menu_order":0,"comment_status":"closed","ping_status":"closed","template":"","meta":{"_acf_changed":false,"footnotes":""},"class_list":["post-249","page","type-page","status-publish","hentry"],"acf":[],"_links":{"self":[{"href":"https:\/\/www.echtvape.de\/es\/wp-json\/wp\/v2\/pages\/249","targetHints":{"allow":["GET"]}}],"collection":[{"href":"https:\/\/www.echtvape.de\/es\/wp-json\/wp\/v2\/pages"}],"about":[{"href":"https:\/\/www.echtvape.de\/es\/wp-json\/wp\/v2\/types\/page"}],"author":[{"embeddable":true,"href":"https:\/\/www.echtvape.de\/es\/wp-json\/wp\/v2\/users\/1"}],"replies":[{"embeddable":true,"href":"https:\/\/www.echtvape.de\/es\/wp-json\/wp\/v2\/comments?post=249"}],"version-history":[{"count":0,"href":"https:\/\/www.echtvape.de\/es\/wp-json\/wp\/v2\/pages\/249\/revisions"}],"wp:attachment":[{"href":"https:\/\/www.echtvape.de\/es\/wp-json\/wp\/v2\/media?parent=249"}],"curies":[{"name":"wp","href":"https:\/\/api.w.org\/{rel}","templated":true}]}}